{"id":2995,"date":"2025-03-27T11:43:50","date_gmt":"2025-03-27T14:43:50","guid":{"rendered":"https:\/\/www.mepram.com.br\/www2\/?page_id=2995"},"modified":"2025-03-27T11:43:50","modified_gmt":"2025-03-27T14:43:50","slug":"posto-de-lavacao","status":"publish","type":"page","link":"https:\/\/www.mepram.com.br\/www2\/posto-de-lavacao\/","title":{"rendered":"Posto de Lava\u00e7\u00e3o"},"content":{"rendered":"\n<p>Posto de Lava\u00e7\u00e3o de Ve\u00edculos<\/p>\n","protected":false},"excerpt":{"rendered":"<p>Posto de Lava\u00e7\u00e3o de Ve\u00edculos<\/p>\n","protected":false},"author":1,"featured_media":0,"parent":0,"menu_order":0,"comment_status":"closed","ping_status":"closed","template":"","meta":{"postBodyCss":"","postBodyMargin":[],"postBodyPadding":[],"postBodyBackground":{"backgroundType":"classic","gradient":""},"footnotes":""},"class_list":["post-2995","page","type-page","status-publish","hentry"],"_links":{"self":[{"href":"https:\/\/www.mepram.com.br\/www2\/wp-json\/wp\/v2\/pages\/2995","targetHints":{"allow":["GET"]}}],"collection":[{"href":"https:\/\/www.mepram.com.br\/www2\/wp-json\/wp\/v2\/pages"}],"about":[{"href":"https:\/\/www.mepram.com.br\/www2\/wp-json\/wp\/v2\/types\/page"}],"author":[{"embeddable":true,"href":"https:\/\/www.mepram.com.br\/www2\/wp-json\/wp\/v2\/users\/1"}],"replies":[{"embeddable":true,"href":"https:\/\/www.mepram.com.br\/www2\/wp-json\/wp\/v2\/comments?post=2995"}],"version-history":[{"count":1,"href":"https:\/\/www.mepram.com.br\/www2\/wp-json\/wp\/v2\/pages\/2995\/revisions"}],"predecessor-version":[{"id":2996,"href":"https:\/\/www.mepram.com.br\/www2\/wp-json\/wp\/v2\/pages\/2995\/revisions\/2996"}],"wp:attachment":[{"href":"https:\/\/www.mepram.com.br\/www2\/wp-json\/wp\/v2\/media?parent=2995"}],"curies":[{"name":"wp","href":"https:\/\/api.w.org\/{rel}","templated":true}]}}